{"id":2905,"date":"2023-01-24T17:56:05","date_gmt":"2023-01-24T17:56:05","guid":{"rendered":"https:\/\/ton.connectingminds.net\/product\/amore-vita-galatron\/"},"modified":"2026-01-28T12:03:07","modified_gmt":"2026-01-28T11:03:07","slug":"jaime-vita-galatron","status":"publish","type":"product","link":"https:\/\/mail.originalcyclingjerseys.com\/fr\/retro-wielershirt\/amore-vita-galatron\/","title":{"rendered":"AMORE &amp; VITA (c) - MAILLOT DE CYCLISME GALATRON 1993"},"content":{"rendered":"<h3 data-start=\"132\" data-end=\"198\"><strong data-start=\"136\" data-end=\"198\">Amore et Vita-Galatron en 1993\u00a0: amour, vie et cyclisme<\/strong><\/h3>\n<p data-start=\"200\" data-end=\"671\">L&#039;\u00e9quipe cycliste <em data-start=\"215\" data-end=\"229\">Amour et vie<\/em> (qui signifie \u00ab Amour et Vie \u00bb en italien) a \u00e9t\u00e9 cr\u00e9\u00e9e en 1989 \u00e0 partir du rachat de l&#039;\u00e9quipe polonaise <em data-start=\"318\" data-end=\"331\">Romet\u2013Legia<\/em> par le flamboyant italien <a href=\"https:\/\/it.wikipedia.org\/wiki\/Ivano_Fanini\" target=\"_blank\" rel=\"noopener\"><strong>Ivano Fanini<\/strong><\/a>Fanini a donn\u00e9 \u00e0 l&#039;\u00e9quipe un caract\u00e8re chr\u00e9tien-humaniste marquant, mettant l&#039;accent sur l&#039;\u00e9thique, la lutte contre le dopage et les valeurs de vie. Le nom de l&#039;\u00e9quipe est devenu un manifeste\u00a0: non pas une marque purement commerciale, mais une mission\u00a0: \u00ab\u00a0Amore &amp; Vita\u00a0\u00bb symbolisait la puret\u00e9 et le respect de la vie, sur et hors du v\u00e9lo.<\/p>\n<p data-start=\"673\" data-end=\"891\">L&#039;\u00e9quipe a souvent \u00e9t\u00e9 un refuge pour les coureurs abandonn\u00e9s ailleurs ou en qu\u00eate d&#039;une seconde chance. Mais elle a aussi \u00e9t\u00e9 un vivier de coureurs talentueux qui osaient sortir des sentiers battus.<\/p>\n<p data-start=\"893\" data-end=\"1354\">Dans <strong data-start=\"896\" data-end=\"904\">1993<\/strong> l&#039;\u00e9quipe roulait sous le nom <strong data-start=\"933\" data-end=\"958\">Amore &amp; Vita-Galatron<\/strong>, de <em data-start=\"964\" data-end=\"974\">Galatron<\/em> (un fabricant italien d&#039;appareils sanitaires) comme co-sponsor. \u00c0 cette \u00e9poque, l&#039;\u00e9quipe avait un caract\u00e8re international remarquable, avec des coureurs venus d&#039;Italie, d&#039;Europe de l&#039;Est, et parfois m\u00eame des \u00c9tats-Unis ou d&#039;Am\u00e9rique latine. Ils participaient principalement \u00e0 des courses europ\u00e9ennes de moindre envergure et \u00e0 des courses italiennes de cat\u00e9gorie inf\u00e9rieure, mais ils se sont fait conna\u00eetre gr\u00e2ce \u00e0 leur style offensif et leur nature id\u00e9aliste.<\/p>\n<p data-start=\"1356\" data-end=\"1662\">Bien que l&#039;\u00e9quipe n&#039;ait pas concouru au plus haut niveau du ProTour en 1993, elle \u00e9tait r\u00e9put\u00e9e pour son c\u00f4t\u00e9 original et original. Elle servait souvent de tremplin aux coureurs en route vers des \u00e9quipes plus importantes, ou de refuge \u00e0 ceux qui avaient \u00e9t\u00e9 p\u00e9nalis\u00e9s par des blessures, des suspensions ou des revers personnels.<\/p>\n<p data-start=\"1664\" data-end=\"1968\">Les ann\u00e9es 1990 furent une p\u00e9riode difficile pour le cyclisme en raison de la mont\u00e9e du dopage et de la pression commerciale, mais Amore &amp; Vita resta fid\u00e8le \u00e0 ses valeurs, parfois \u00e0 contre-courant, toujours avec passion. L&#039;\u00e9quipe de 1993 n&#039;\u00e9tait pas une machine \u00e0 gagner, mais elle incarnait l&#039;esprit du cyclisme comme art de vivre.<\/p>","protected":false},"excerpt":{"rendered":"<p>Amore &amp; Vita-Galatron in 1993: Liefde, Leven en Wielrennen De wielerploeg Amore &amp; Vita (Italiaans voor \u201cLiefde en Leven\u201d) ontstond in 1989 uit de overname van de Poolse ploeg Romet\u2013Legia door de flamboyante Italiaan Ivano Fanini. Fanini gaf de ploeg een opvallend christelijk-humanistisch karakter, met nadruk op ethiek, anti-doping en levenswaarden. De ploegnaam werd een [&hellip;]<\/p>\n","protected":false},"featured_media":33338,"template":"","meta":[],"product_brand":[],"product_cat":[151],"product_tag":[],"class_list":{"0":"post-2905","1":"product","2":"type-product","3":"status-publish","4":"has-post-thumbnail","6":"product_cat-pro-team","8":"first","9":"onbackorder","10":"taxable","11":"shipping-taxable","12":"purchasable","13":"product-type-variable"},"yoast_head":"<!-- This site is optimized with the Yoast SEO plugin v27.5 - https:\/\/yoast.com\/product\/yoast-seo-wordpress\/ -->\n<title>AMORE &amp; VITA (c)-GALATRON  1993  WIELERSHIRT - Ton Merckx Wielershirts - Rondreis door de wereld van wielershirts<\/title>\n<meta name=\"robots\" content=\"index, follow, max-snippet:-1, max-image-preview:large, max-video-preview:-1\" \/>\n<link rel=\"canonical\" href=\"https:\/\/ton.connectingminds.net\/en\/retro-cycling-jersey\/love-vita-galatron\/\" \/>\n<meta property=\"og:locale\" content=\"fr_FR\" \/>\n<meta property=\"og:type\" content=\"article\" \/>\n<meta property=\"og:title\" content=\"AMORE &amp; VITA (c)-GALATRON  1993  WIELERSHIRT - Ton Merckx Wielershirts - Rondreis door de wereld van wielershirts\" \/>\n<meta property=\"og:description\" content=\"Amore &amp; Vita-Galatron in 1993: Liefde, Leven en Wielrennen De wielerploeg Amore &amp; Vita (Italiaans voor \u201cLiefde en Leven\u201d) ontstond in 1989 uit de overname van de Poolse ploeg Romet\u2013Legia door de flamboyante Italiaan Ivano Fanini. Fanini gaf de ploeg een opvallend christelijk-humanistisch karakter, met nadruk op ethiek, anti-doping en levenswaarden. De ploegnaam werd een [&hellip;]\" \/>\n<meta property=\"og:url\" content=\"https:\/\/ton.connectingminds.net\/en\/retro-cycling-jersey\/love-vita-galatron\/\" \/>\n<meta property=\"og:site_name\" content=\"Ton Merckx Wielershirts - Rondreis door de wereld van wielershirts\" \/>\n<meta property=\"article:modified_time\" content=\"2026-01-28T11:03:07+00:00\" \/>\n<meta property=\"og:image\" content=\"https:\/\/ton.connectingminds.net\/wp-content\/uploads\/2023\/01\/IMG_3752-scaled.jpg\" \/>\n\t<meta property=\"og:image:width\" content=\"1920\" \/>\n\t<meta property=\"og:image:height\" content=\"2560\" \/>\n\t<meta property=\"og:image:type\" content=\"image\/jpeg\" \/>\n<meta name=\"twitter:card\" content=\"summary_large_image\" \/>\n<meta name=\"twitter:label1\" content=\"Dur\u00e9e de lecture estim\u00e9e\" \/>\n\t<meta name=\"twitter:data1\" content=\"2 minutes\" \/>\n<script type=\"application\/ld+json\" class=\"yoast-schema-graph\">{\"@context\":\"https:\\\/\\\/schema.org\",\"@graph\":[{\"@type\":\"WebPage\",\"@id\":\"https:\\\/\\\/ton.connectingminds.net\\\/en\\\/retro-cycling-jersey\\\/love-vita-galatron\\\/\",\"url\":\"https:\\\/\\\/ton.connectingminds.net\\\/en\\\/retro-cycling-jersey\\\/love-vita-galatron\\\/\",\"name\":\"AMORE &amp; VITA (c)-GALATRON 1993 WIELERSHIRT - Ton Merckx Wielershirts - Rondreis door de wereld van wielershirts\",\"isPartOf\":{\"@id\":\"https:\\\/\\\/www.tonmerckxwielershirts.nl\\\/es\\\/#website\"},\"primaryImageOfPage\":{\"@id\":\"https:\\\/\\\/ton.connectingminds.net\\\/en\\\/retro-cycling-jersey\\\/love-vita-galatron\\\/#primaryimage\"},\"image\":{\"@id\":\"https:\\\/\\\/ton.connectingminds.net\\\/en\\\/retro-cycling-jersey\\\/love-vita-galatron\\\/#primaryimage\"},\"thumbnailUrl\":\"https:\\\/\\\/mail.originalcyclingjerseys.com\\\/wp-content\\\/uploads\\\/2023\\\/01\\\/IMG_3752-scaled.jpg\",\"datePublished\":\"2023-01-24T17:56:05+00:00\",\"dateModified\":\"2026-01-28T11:03:07+00:00\",\"breadcrumb\":{\"@id\":\"https:\\\/\\\/ton.connectingminds.net\\\/en\\\/retro-cycling-jersey\\\/love-vita-galatron\\\/#breadcrumb\"},\"inLanguage\":\"fr-FR\",\"potentialAction\":[{\"@type\":\"ReadAction\",\"target\":[\"https:\\\/\\\/ton.connectingminds.net\\\/en\\\/retro-cycling-jersey\\\/love-vita-galatron\\\/\"]}]},{\"@type\":\"ImageObject\",\"inLanguage\":\"fr-FR\",\"@id\":\"https:\\\/\\\/ton.connectingminds.net\\\/en\\\/retro-cycling-jersey\\\/love-vita-galatron\\\/#primaryimage\",\"url\":\"https:\\\/\\\/mail.originalcyclingjerseys.com\\\/wp-content\\\/uploads\\\/2023\\\/01\\\/IMG_3752-scaled.jpg\",\"contentUrl\":\"https:\\\/\\\/mail.originalcyclingjerseys.com\\\/wp-content\\\/uploads\\\/2023\\\/01\\\/IMG_3752-scaled.jpg\",\"width\":1920,\"height\":2560,\"caption\":\"AMORE & VITA-GALATRON 1993\"},{\"@type\":\"BreadcrumbList\",\"@id\":\"https:\\\/\\\/ton.connectingminds.net\\\/en\\\/retro-cycling-jersey\\\/love-vita-galatron\\\/#breadcrumb\",\"itemListElement\":[{\"@type\":\"ListItem\",\"position\":1,\"name\":\"Home\",\"item\":\"https:\\\/\\\/www.tonmerckxwielershirts.nl\\\/es\\\/\"},{\"@type\":\"ListItem\",\"position\":2,\"name\":\"Retro wielershirts\",\"item\":\"https:\\\/\\\/www.tonmerckxwielershirts.nl\\\/es\\\/camisetas-de-ciclismo-retro\\\/\"},{\"@type\":\"ListItem\",\"position\":3,\"name\":\"AMORE &amp; VITA (c)-GALATRON 1993 WIELERSHIRT\"}]},{\"@type\":\"WebSite\",\"@id\":\"https:\\\/\\\/www.tonmerckxwielershirts.nl\\\/es\\\/#website\",\"url\":\"https:\\\/\\\/www.tonmerckxwielershirts.nl\\\/es\\\/\",\"name\":\"Ton Merckx Wielershirts - Rondreis door de wereld van wielershirts\",\"description\":\"thousands of original cycling jerseys - order your replica!\",\"publisher\":{\"@id\":\"https:\\\/\\\/www.tonmerckxwielershirts.nl\\\/es\\\/#organization\"},\"potentialAction\":[{\"@type\":\"SearchAction\",\"target\":{\"@type\":\"EntryPoint\",\"urlTemplate\":\"https:\\\/\\\/www.tonmerckxwielershirts.nl\\\/es\\\/?s={search_term_string}\"},\"query-input\":{\"@type\":\"PropertyValueSpecification\",\"valueRequired\":true,\"valueName\":\"search_term_string\"}}],\"inLanguage\":\"fr-FR\"},{\"@type\":\"Organization\",\"@id\":\"https:\\\/\\\/www.tonmerckxwielershirts.nl\\\/es\\\/#organization\",\"name\":\"Ton Merckx Wielershirts - Rondreis door de wereld van wielershirts\",\"url\":\"https:\\\/\\\/www.tonmerckxwielershirts.nl\\\/es\\\/\",\"logo\":{\"@type\":\"ImageObject\",\"inLanguage\":\"fr-FR\",\"@id\":\"https:\\\/\\\/www.tonmerckxwielershirts.nl\\\/es\\\/#\\\/schema\\\/logo\\\/image\\\/\",\"url\":\"https:\\\/\\\/mail.originalcyclingjerseys.com\\\/wp-content\\\/uploads\\\/2023\\\/03\\\/ton-merckx-logo.jpg\",\"contentUrl\":\"https:\\\/\\\/mail.originalcyclingjerseys.com\\\/wp-content\\\/uploads\\\/2023\\\/03\\\/ton-merckx-logo.jpg\",\"width\":391,\"height\":57,\"caption\":\"Ton Merckx Wielershirts - Rondreis door de wereld van wielershirts\"},\"image\":{\"@id\":\"https:\\\/\\\/www.tonmerckxwielershirts.nl\\\/es\\\/#\\\/schema\\\/logo\\\/image\\\/\"}}]}<\/script>\n<!-- \/ Yoast SEO plugin. -->","yoast_head_json":{"title":"Maillot de cyclisme AMORE &amp; VITA (c)-GALATRON 1993 - Maillots de cyclisme Ton Merckx - Tour du monde des maillots de cyclisme","robots":{"index":"index","follow":"follow","max-snippet":"max-snippet:-1","max-image-preview":"max-image-preview:large","max-video-preview":"max-video-preview:-1"},"canonical":"https:\/\/ton.connectingminds.net\/en\/retro-cycling-jersey\/love-vita-galatron\/","og_locale":"fr_FR","og_type":"article","og_title":"AMORE &amp; VITA (c)-GALATRON  1993  WIELERSHIRT - Ton Merckx Wielershirts - Rondreis door de wereld van wielershirts","og_description":"Amore &amp; Vita-Galatron in 1993: Liefde, Leven en Wielrennen De wielerploeg Amore &amp; Vita (Italiaans voor \u201cLiefde en Leven\u201d) ontstond in 1989 uit de overname van de Poolse ploeg Romet\u2013Legia door de flamboyante Italiaan Ivano Fanini. Fanini gaf de ploeg een opvallend christelijk-humanistisch karakter, met nadruk op ethiek, anti-doping en levenswaarden. De ploegnaam werd een [&hellip;]","og_url":"https:\/\/ton.connectingminds.net\/en\/retro-cycling-jersey\/love-vita-galatron\/","og_site_name":"Ton Merckx Wielershirts - Rondreis door de wereld van wielershirts","article_modified_time":"2026-01-28T11:03:07+00:00","og_image":[{"width":1920,"height":2560,"url":"https:\/\/ton.connectingminds.net\/wp-content\/uploads\/2023\/01\/IMG_3752-scaled.jpg","type":"image\/jpeg"}],"twitter_card":"summary_large_image","twitter_misc":{"Dur\u00e9e de lecture estim\u00e9e":"2 minutes"},"schema":{"@context":"https:\/\/schema.org","@graph":[{"@type":"WebPage","@id":"https:\/\/ton.connectingminds.net\/en\/retro-cycling-jersey\/love-vita-galatron\/","url":"https:\/\/ton.connectingminds.net\/en\/retro-cycling-jersey\/love-vita-galatron\/","name":"AMORE &amp; VITA (c)-MAILLOT DE CYCLISME GALATRON 1993 - Maillots de cyclisme Ton Merckx - Tour \u00e0 travers le monde des maillots de cyclisme","isPartOf":{"@id":"https:\/\/www.tonmerckxwielershirts.nl\/es\/#website"},"primaryImageOfPage":{"@id":"https:\/\/ton.connectingminds.net\/en\/retro-cycling-jersey\/love-vita-galatron\/#primaryimage"},"image":{"@id":"https:\/\/ton.connectingminds.net\/en\/retro-cycling-jersey\/love-vita-galatron\/#primaryimage"},"thumbnailUrl":"https:\/\/mail.originalcyclingjerseys.com\/wp-content\/uploads\/2023\/01\/IMG_3752-scaled.jpg","datePublished":"2023-01-24T17:56:05+00:00","dateModified":"2026-01-28T11:03:07+00:00","breadcrumb":{"@id":"https:\/\/ton.connectingminds.net\/en\/retro-cycling-jersey\/love-vita-galatron\/#breadcrumb"},"inLanguage":"fr-FR","potentialAction":[{"@type":"ReadAction","target":["https:\/\/ton.connectingminds.net\/en\/retro-cycling-jersey\/love-vita-galatron\/"]}]},{"@type":"ImageObject","inLanguage":"fr-FR","@id":"https:\/\/ton.connectingminds.net\/en\/retro-cycling-jersey\/love-vita-galatron\/#primaryimage","url":"https:\/\/mail.originalcyclingjerseys.com\/wp-content\/uploads\/2023\/01\/IMG_3752-scaled.jpg","contentUrl":"https:\/\/mail.originalcyclingjerseys.com\/wp-content\/uploads\/2023\/01\/IMG_3752-scaled.jpg","width":1920,"height":2560,"caption":"AMORE & VITA-GALATRON 1993"},{"@type":"BreadcrumbList","@id":"https:\/\/ton.connectingminds.net\/en\/retro-cycling-jersey\/love-vita-galatron\/#breadcrumb","itemListElement":[{"@type":"ListItem","position":1,"name":"Home","item":"https:\/\/www.tonmerckxwielershirts.nl\/es\/"},{"@type":"ListItem","position":2,"name":"Retro wielershirts","item":"https:\/\/www.tonmerckxwielershirts.nl\/es\/camisetas-de-ciclismo-retro\/"},{"@type":"ListItem","position":3,"name":"AMORE &amp; VITA (c)-GALATRON 1993 WIELERSHIRT"}]},{"@type":"WebSite","@id":"https:\/\/www.tonmerckxwielershirts.nl\/es\/#website","url":"https:\/\/www.tonmerckxwielershirts.nl\/es\/","name":"Chemises de cyclisme Ton Merckx - Tour \u00e0 travers le monde des chemises de cyclisme","description":"des milliers de maillots de cyclisme originaux - commandez votre r\u00e9plique !","publisher":{"@id":"https:\/\/www.tonmerckxwielershirts.nl\/es\/#organization"},"potentialAction":[{"@type":"SearchAction","target":{"@type":"EntryPoint","urlTemplate":"https:\/\/www.tonmerckxwielershirts.nl\/es\/?s={search_term_string}"},"query-input":{"@type":"PropertyValueSpecification","valueRequired":true,"valueName":"search_term_string"}}],"inLanguage":"fr-FR"},{"@type":"Organization","@id":"https:\/\/www.tonmerckxwielershirts.nl\/es\/#organization","name":"Chemises de cyclisme Ton Merckx - Tour \u00e0 travers le monde des chemises de cyclisme","url":"https:\/\/www.tonmerckxwielershirts.nl\/es\/","logo":{"@type":"ImageObject","inLanguage":"fr-FR","@id":"https:\/\/www.tonmerckxwielershirts.nl\/es\/#\/schema\/logo\/image\/","url":"https:\/\/mail.originalcyclingjerseys.com\/wp-content\/uploads\/2023\/03\/ton-merckx-logo.jpg","contentUrl":"https:\/\/mail.originalcyclingjerseys.com\/wp-content\/uploads\/2023\/03\/ton-merckx-logo.jpg","width":391,"height":57,"caption":"Ton Merckx Wielershirts - Rondreis door de wereld van wielershirts"},"image":{"@id":"https:\/\/www.tonmerckxwielershirts.nl\/es\/#\/schema\/logo\/image\/"}}]}},"_links":{"self":[{"href":"https:\/\/mail.originalcyclingjerseys.com\/fr\/wp-json\/wp\/v2\/product\/2905","targetHints":{"allow":["GET"]}}],"collection":[{"href":"https:\/\/mail.originalcyclingjerseys.com\/fr\/wp-json\/wp\/v2\/product"}],"about":[{"href":"https:\/\/mail.originalcyclingjerseys.com\/fr\/wp-json\/wp\/v2\/types\/product"}],"wp:featuredmedia":[{"embeddable":true,"href":"https:\/\/mail.originalcyclingjerseys.com\/fr\/wp-json\/wp\/v2\/media\/33338"}],"wp:attachment":[{"href":"https:\/\/mail.originalcyclingjerseys.com\/fr\/wp-json\/wp\/v2\/media?parent=2905"}],"wp:term":[{"taxonomy":"product_brand","embeddable":true,"href":"https:\/\/mail.originalcyclingjerseys.com\/fr\/wp-json\/wp\/v2\/product_brand?post=2905"},{"taxonomy":"product_cat","embeddable":true,"href":"https:\/\/mail.originalcyclingjerseys.com\/fr\/wp-json\/wp\/v2\/product_cat?post=2905"},{"taxonomy":"product_tag","embeddable":true,"href":"https:\/\/mail.originalcyclingjerseys.com\/fr\/wp-json\/wp\/v2\/product_tag?post=2905"}],"curies":[{"name":"wp","href":"https:\/\/api.w.org\/{rel}","templated":true}]}}