{"id":30248,"date":"2024-06-09T19:44:24","date_gmt":"2024-06-09T17:44:24","guid":{"rendered":"https:\/\/mail.originalcyclingjerseys.com\/?post_type=product&#038;p=30248"},"modified":"2026-01-28T12:00:34","modified_gmt":"2026-01-28T11:00:34","slug":"classement-general-51","status":"publish","type":"product","link":"https:\/\/mail.originalcyclingjerseys.com\/fr\/retro-wielershirt\/spago-1990\/","title":{"rendered":"SPAGO (a)-MAILLOT DE CYCLISME FINLANDIE 1990"},"content":{"rendered":"<p>L&#039;\u00e9quipe cycliste SPAGO \u00e9tait une \u00e9quipe cycliste professionnelle active en 1990. L&#039;\u00e9quipe \u00e9tait sponsoris\u00e9e par la marque de v\u00eatements italienne Spago, connue pour ses v\u00eatements de sport \u00e9l\u00e9gants et fonctionnels.<\/p>\n<p>Petite \u00e9quipe am\u00e9ricaine d&#039;environ 10 coureurs<\/p>\n<p>\u00c9galement actif en 1991 et 1992.<\/p>\n<p>J&#039;ai re\u00e7u cette chemise de James Urbonas.<\/p>","protected":false},"excerpt":{"rendered":"<p>L&#039;\u00e9quipe cycliste SPAGO \u00e9tait une \u00e9quipe cycliste professionnelle active en 1990. Elle \u00e9tait sponsoris\u00e9e par la marque italienne Spago, r\u00e9put\u00e9e pour ses v\u00eatements de sport \u00e9l\u00e9gants et fonctionnels. Petite \u00e9quipe am\u00e9ricaine d&#039;une dizaine de coureurs, elle \u00e9tait \u00e9galement active en 1991 et 1992. Ce maillot leur a \u00e9t\u00e9 offert par James Urbonas.<\/p>","protected":false},"featured_media":30258,"template":"","meta":[],"product_brand":[],"product_cat":[151],"product_tag":[],"class_list":{"0":"post-30248","1":"product","2":"type-product","3":"status-publish","4":"has-post-thumbnail","6":"product_cat-pro-team","8":"first","9":"onbackorder","10":"taxable","11":"shipping-taxable","12":"purchasable","13":"product-type-variable"},"yoast_head":"<!-- This site is optimized with the Yoast SEO plugin v27.4 - https:\/\/yoast.com\/product\/yoast-seo-wordpress\/ -->\n<title>SPAGO (a)-FINLANDIA  1990                                  WIELERSHIRT - Ton Merckx Wielershirts - Rondreis door de wereld van wielershirts<\/title>\n<meta name=\"robots\" content=\"index, follow, max-snippet:-1, max-image-preview:large, max-video-preview:-1\" \/>\n<link rel=\"canonical\" href=\"https:\/\/mail.originalcyclingjerseys.com\/fr\/maillot-de-cyclisme-retro\/classement-general-51\/\" \/>\n<meta property=\"og:locale\" content=\"fr_FR\" \/>\n<meta property=\"og:type\" content=\"article\" \/>\n<meta property=\"og:title\" content=\"SPAGO (a)-FINLANDIA  1990                                  WIELERSHIRT - Ton Merckx Wielershirts - Rondreis door de wereld van wielershirts\" \/>\n<meta property=\"og:description\" content=\"Het SPAGO wielerteam was een professioneel wielerteam dat actief was in 1990. Het team werd gesponsord door het Italiaanse kledingmerk Spago, dat bekend stond om zijn stijlvolle en functionele sportkleding. Kleine Amerikaanse ploeg met een 10 tal renners Ook actief in 1991 &amp; 1992. Dit shirt gekregen van James Urbonas.\" \/>\n<meta property=\"og:url\" content=\"https:\/\/mail.originalcyclingjerseys.com\/fr\/maillot-de-cyclisme-retro\/classement-general-51\/\" \/>\n<meta property=\"og:site_name\" content=\"Ton Merckx Wielershirts - Rondreis door de wereld van wielershirts\" \/>\n<meta property=\"article:modified_time\" content=\"2026-01-28T11:00:34+00:00\" \/>\n<meta property=\"og:image\" content=\"https:\/\/mail.originalcyclingjerseys.com\/wp-content\/uploads\/2024\/06\/IMG_2433-scaled.jpg\" \/>\n\t<meta property=\"og:image:width\" content=\"1920\" \/>\n\t<meta property=\"og:image:height\" content=\"2560\" \/>\n\t<meta property=\"og:image:type\" content=\"image\/jpeg\" \/>\n<meta name=\"twitter:card\" content=\"summary_large_image\" \/>\n<meta name=\"twitter:label1\" content=\"Dur\u00e9e de lecture estim\u00e9e\" \/>\n\t<meta name=\"twitter:data1\" content=\"1 minute\" \/>\n<script type=\"application\/ld+json\" class=\"yoast-schema-graph\">{\"@context\":\"https:\\\/\\\/schema.org\",\"@graph\":[{\"@type\":\"WebPage\",\"@id\":\"https:\\\/\\\/mail.originalcyclingjerseys.com\\\/fr\\\/maillot-de-cyclisme-retro\\\/classement-general-51\\\/\",\"url\":\"https:\\\/\\\/mail.originalcyclingjerseys.com\\\/fr\\\/maillot-de-cyclisme-retro\\\/classement-general-51\\\/\",\"name\":\"SPAGO (a)-FINLANDIA 1990 WIELERSHIRT - Ton Merckx Wielershirts - Rondreis door de wereld van wielershirts\",\"isPartOf\":{\"@id\":\"https:\\\/\\\/mail.ton.connectingminds.net\\\/de\\\/#website\"},\"primaryImageOfPage\":{\"@id\":\"https:\\\/\\\/mail.originalcyclingjerseys.com\\\/fr\\\/maillot-de-cyclisme-retro\\\/classement-general-51\\\/#primaryimage\"},\"image\":{\"@id\":\"https:\\\/\\\/mail.originalcyclingjerseys.com\\\/fr\\\/maillot-de-cyclisme-retro\\\/classement-general-51\\\/#primaryimage\"},\"thumbnailUrl\":\"https:\\\/\\\/mail.originalcyclingjerseys.com\\\/wp-content\\\/uploads\\\/2024\\\/06\\\/IMG_2433-scaled.jpg\",\"datePublished\":\"2024-06-09T17:44:24+00:00\",\"dateModified\":\"2026-01-28T11:00:34+00:00\",\"breadcrumb\":{\"@id\":\"https:\\\/\\\/mail.originalcyclingjerseys.com\\\/fr\\\/maillot-de-cyclisme-retro\\\/classement-general-51\\\/#breadcrumb\"},\"inLanguage\":\"fr-FR\",\"potentialAction\":[{\"@type\":\"ReadAction\",\"target\":[\"https:\\\/\\\/mail.originalcyclingjerseys.com\\\/fr\\\/maillot-de-cyclisme-retro\\\/classement-general-51\\\/\"]}]},{\"@type\":\"ImageObject\",\"inLanguage\":\"fr-FR\",\"@id\":\"https:\\\/\\\/mail.originalcyclingjerseys.com\\\/fr\\\/maillot-de-cyclisme-retro\\\/classement-general-51\\\/#primaryimage\",\"url\":\"https:\\\/\\\/mail.originalcyclingjerseys.com\\\/wp-content\\\/uploads\\\/2024\\\/06\\\/IMG_2433-scaled.jpg\",\"contentUrl\":\"https:\\\/\\\/mail.originalcyclingjerseys.com\\\/wp-content\\\/uploads\\\/2024\\\/06\\\/IMG_2433-scaled.jpg\",\"width\":1920,\"height\":2560,\"caption\":\"SPAGO 1990\"},{\"@type\":\"BreadcrumbList\",\"@id\":\"https:\\\/\\\/mail.originalcyclingjerseys.com\\\/fr\\\/maillot-de-cyclisme-retro\\\/classement-general-51\\\/#breadcrumb\",\"itemListElement\":[{\"@type\":\"ListItem\",\"position\":1,\"name\":\"Home\",\"item\":\"https:\\\/\\\/mail.ton.connectingminds.net\\\/de\\\/\"},{\"@type\":\"ListItem\",\"position\":2,\"name\":\"Retro wielershirts\",\"item\":\"https:\\\/\\\/mail.ton.connectingminds.net\\\/de\\\/retro-radtrikots\\\/\"},{\"@type\":\"ListItem\",\"position\":3,\"name\":\"SPAGO (a)-FINLANDIA 1990 WIELERSHIRT\"}]},{\"@type\":\"WebSite\",\"@id\":\"https:\\\/\\\/mail.ton.connectingminds.net\\\/de\\\/#website\",\"url\":\"https:\\\/\\\/mail.ton.connectingminds.net\\\/de\\\/\",\"name\":\"Ton Merckx Wielershirts - Rondreis door de wereld van wielershirts\",\"description\":\"thousands of original cycling jerseys - order your replica!\",\"publisher\":{\"@id\":\"https:\\\/\\\/mail.ton.connectingminds.net\\\/de\\\/#organization\"},\"potentialAction\":[{\"@type\":\"SearchAction\",\"target\":{\"@type\":\"EntryPoint\",\"urlTemplate\":\"https:\\\/\\\/mail.ton.connectingminds.net\\\/de\\\/?s={search_term_string}\"},\"query-input\":{\"@type\":\"PropertyValueSpecification\",\"valueRequired\":true,\"valueName\":\"search_term_string\"}}],\"inLanguage\":\"fr-FR\"},{\"@type\":\"Organization\",\"@id\":\"https:\\\/\\\/mail.ton.connectingminds.net\\\/de\\\/#organization\",\"name\":\"Ton Merckx Wielershirts - Rondreis door de wereld van wielershirts\",\"url\":\"https:\\\/\\\/mail.ton.connectingminds.net\\\/de\\\/\",\"logo\":{\"@type\":\"ImageObject\",\"inLanguage\":\"fr-FR\",\"@id\":\"https:\\\/\\\/mail.ton.connectingminds.net\\\/de\\\/#\\\/schema\\\/logo\\\/image\\\/\",\"url\":\"https:\\\/\\\/mail.originalcyclingjerseys.com\\\/wp-content\\\/uploads\\\/2023\\\/03\\\/ton-merckx-logo.jpg\",\"contentUrl\":\"https:\\\/\\\/mail.originalcyclingjerseys.com\\\/wp-content\\\/uploads\\\/2023\\\/03\\\/ton-merckx-logo.jpg\",\"width\":391,\"height\":57,\"caption\":\"Ton Merckx Wielershirts - Rondreis door de wereld van wielershirts\"},\"image\":{\"@id\":\"https:\\\/\\\/mail.ton.connectingminds.net\\\/de\\\/#\\\/schema\\\/logo\\\/image\\\/\"}}]}<\/script>\n<!-- \/ Yoast SEO plugin. -->","yoast_head_json":{"title":"Maillot de cyclisme SPAGO (a)-FINLANDIA 1990 - Maillots de cyclisme Ton Merckx - Tour du monde des maillots de cyclisme","robots":{"index":"index","follow":"follow","max-snippet":"max-snippet:-1","max-image-preview":"max-image-preview:large","max-video-preview":"max-video-preview:-1"},"canonical":"https:\/\/mail.originalcyclingjerseys.com\/fr\/maillot-de-cyclisme-retro\/classement-general-51\/","og_locale":"fr_FR","og_type":"article","og_title":"SPAGO (a)-FINLANDIA  1990                                  WIELERSHIRT - Ton Merckx Wielershirts - Rondreis door de wereld van wielershirts","og_description":"Het SPAGO wielerteam was een professioneel wielerteam dat actief was in 1990. Het team werd gesponsord door het Italiaanse kledingmerk Spago, dat bekend stond om zijn stijlvolle en functionele sportkleding. Kleine Amerikaanse ploeg met een 10 tal renners Ook actief in 1991 &amp; 1992. Dit shirt gekregen van James Urbonas.","og_url":"https:\/\/mail.originalcyclingjerseys.com\/fr\/maillot-de-cyclisme-retro\/classement-general-51\/","og_site_name":"Ton Merckx Wielershirts - Rondreis door de wereld van wielershirts","article_modified_time":"2026-01-28T11:00:34+00:00","og_image":[{"width":1920,"height":2560,"url":"https:\/\/mail.originalcyclingjerseys.com\/wp-content\/uploads\/2024\/06\/IMG_2433-scaled.jpg","type":"image\/jpeg"}],"twitter_card":"summary_large_image","twitter_misc":{"Dur\u00e9e de lecture estim\u00e9e":"1 minute"},"schema":{"@context":"https:\/\/schema.org","@graph":[{"@type":"WebPage","@id":"https:\/\/mail.originalcyclingjerseys.com\/fr\/maillot-de-cyclisme-retro\/classement-general-51\/","url":"https:\/\/mail.originalcyclingjerseys.com\/fr\/maillot-de-cyclisme-retro\/classement-general-51\/","name":"Maillot de cyclisme SPAGO (a)-FINLANDIA 1990 - Maillots de cyclisme Ton Merckx - Tour du monde des maillots de cyclisme","isPartOf":{"@id":"https:\/\/mail.ton.connectingminds.net\/de\/#website"},"primaryImageOfPage":{"@id":"https:\/\/mail.originalcyclingjerseys.com\/fr\/maillot-de-cyclisme-retro\/classement-general-51\/#primaryimage"},"image":{"@id":"https:\/\/mail.originalcyclingjerseys.com\/fr\/maillot-de-cyclisme-retro\/classement-general-51\/#primaryimage"},"thumbnailUrl":"https:\/\/mail.originalcyclingjerseys.com\/wp-content\/uploads\/2024\/06\/IMG_2433-scaled.jpg","datePublished":"2024-06-09T17:44:24+00:00","dateModified":"2026-01-28T11:00:34+00:00","breadcrumb":{"@id":"https:\/\/mail.originalcyclingjerseys.com\/fr\/maillot-de-cyclisme-retro\/classement-general-51\/#breadcrumb"},"inLanguage":"fr-FR","potentialAction":[{"@type":"ReadAction","target":["https:\/\/mail.originalcyclingjerseys.com\/fr\/maillot-de-cyclisme-retro\/classement-general-51\/"]}]},{"@type":"ImageObject","inLanguage":"fr-FR","@id":"https:\/\/mail.originalcyclingjerseys.com\/fr\/maillot-de-cyclisme-retro\/classement-general-51\/#primaryimage","url":"https:\/\/mail.originalcyclingjerseys.com\/wp-content\/uploads\/2024\/06\/IMG_2433-scaled.jpg","contentUrl":"https:\/\/mail.originalcyclingjerseys.com\/wp-content\/uploads\/2024\/06\/IMG_2433-scaled.jpg","width":1920,"height":2560,"caption":"SPAGO 1990"},{"@type":"BreadcrumbList","@id":"https:\/\/mail.originalcyclingjerseys.com\/fr\/maillot-de-cyclisme-retro\/classement-general-51\/#breadcrumb","itemListElement":[{"@type":"ListItem","position":1,"name":"Home","item":"https:\/\/mail.ton.connectingminds.net\/de\/"},{"@type":"ListItem","position":2,"name":"Retro wielershirts","item":"https:\/\/mail.ton.connectingminds.net\/de\/retro-radtrikots\/"},{"@type":"ListItem","position":3,"name":"SPAGO (a)-FINLANDIA 1990 WIELERSHIRT"}]},{"@type":"WebSite","@id":"https:\/\/mail.ton.connectingminds.net\/de\/#website","url":"https:\/\/mail.ton.connectingminds.net\/de\/","name":"Chemises de cyclisme Ton Merckx - Tour \u00e0 travers le monde des chemises de cyclisme","description":"des milliers de maillots de cyclisme originaux - commandez votre r\u00e9plique !","publisher":{"@id":"https:\/\/mail.ton.connectingminds.net\/de\/#organization"},"potentialAction":[{"@type":"SearchAction","target":{"@type":"EntryPoint","urlTemplate":"https:\/\/mail.ton.connectingminds.net\/de\/?s={search_term_string}"},"query-input":{"@type":"PropertyValueSpecification","valueRequired":true,"valueName":"search_term_string"}}],"inLanguage":"fr-FR"},{"@type":"Organization","@id":"https:\/\/mail.ton.connectingminds.net\/de\/#organization","name":"Chemises de cyclisme Ton Merckx - Tour \u00e0 travers le monde des chemises de cyclisme","url":"https:\/\/mail.ton.connectingminds.net\/de\/","logo":{"@type":"ImageObject","inLanguage":"fr-FR","@id":"https:\/\/mail.ton.connectingminds.net\/de\/#\/schema\/logo\/image\/","url":"https:\/\/mail.originalcyclingjerseys.com\/wp-content\/uploads\/2023\/03\/ton-merckx-logo.jpg","contentUrl":"https:\/\/mail.originalcyclingjerseys.com\/wp-content\/uploads\/2023\/03\/ton-merckx-logo.jpg","width":391,"height":57,"caption":"Ton Merckx Wielershirts - Rondreis door de wereld van wielershirts"},"image":{"@id":"https:\/\/mail.ton.connectingminds.net\/de\/#\/schema\/logo\/image\/"}}]}},"_links":{"self":[{"href":"https:\/\/mail.originalcyclingjerseys.com\/fr\/wp-json\/wp\/v2\/product\/30248","targetHints":{"allow":["GET"]}}],"collection":[{"href":"https:\/\/mail.originalcyclingjerseys.com\/fr\/wp-json\/wp\/v2\/product"}],"about":[{"href":"https:\/\/mail.originalcyclingjerseys.com\/fr\/wp-json\/wp\/v2\/types\/product"}],"wp:featuredmedia":[{"embeddable":true,"href":"https:\/\/mail.originalcyclingjerseys.com\/fr\/wp-json\/wp\/v2\/media\/30258"}],"wp:attachment":[{"href":"https:\/\/mail.originalcyclingjerseys.com\/fr\/wp-json\/wp\/v2\/media?parent=30248"}],"wp:term":[{"taxonomy":"product_brand","embeddable":true,"href":"https:\/\/mail.originalcyclingjerseys.com\/fr\/wp-json\/wp\/v2\/product_brand?post=30248"},{"taxonomy":"product_cat","embeddable":true,"href":"https:\/\/mail.originalcyclingjerseys.com\/fr\/wp-json\/wp\/v2\/product_cat?post=30248"},{"taxonomy":"product_tag","embeddable":true,"href":"https:\/\/mail.originalcyclingjerseys.com\/fr\/wp-json\/wp\/v2\/product_tag?post=30248"}],"curies":[{"name":"wp","href":"https:\/\/api.w.org\/{rel}","templated":true}]}}