{"id":3533,"date":"2023-01-24T18:03:49","date_gmt":"2023-01-24T18:03:49","guid":{"rendered":"https:\/\/ton.connectingminds.net\/product\/belkin-giant\/"},"modified":"2026-01-28T12:02:31","modified_gmt":"2026-01-28T11:02:31","slug":"belkin-geant","status":"publish","type":"product","link":"https:\/\/mail.originalcyclingjerseys.com\/fr\/retro-wielershirt\/belkin-giant\/","title":{"rendered":"BELKIN (a)-CHEMISE DE CYCLISME G\u00c9ANTE 2013"},"content":{"rendered":"<p>Durant la saison 2012, RABOBANK d\u00e9cide d&#039;arr\u00eater le sponsoring \u00e0 la fin de l&#039;ann\u00e9e en raison de certains scandales de dopage. RABOBANK RABOBANK continuera avec l&#039;\u00e9quipe Continental. Le contrat de l&#039;\u00e9quipe PRO TOUR sera \u00e9galement honor\u00e9 pour 2013, car il reste encore un contrat pour 2013 et 2014.<\/p>\n<p>RABOBANK ne sera plus sur le maillot en 2013, ce sera BLANCO.<\/p>\n<p>A compter du TOUR DE FRANCE 2013 (29 juin 2013), l&#039;\u00e9quipe portera d\u00e9sormais le maillot BELKIN.<\/p>","protected":false},"excerpt":{"rendered":"<p>Gedurende het seizoen 2012 besluit de RABOBANK om te stoppen met sponsoring aan het einde van het jaar ivm enkele dopingschandalen.\u00a0 Wel gaat RABOBANK RABOBANK door met het Continental team. Ook voor 2013 komt men het contract van de PRO TOUR ploeg na, omdat er nog een contract is voor 2013 en 2014. RABOBANK staat [&hellip;]<\/p>\n","protected":false},"featured_media":3532,"template":"","meta":[],"product_brand":[],"product_cat":[151],"product_tag":[],"class_list":{"0":"post-3533","1":"product","2":"type-product","3":"status-publish","4":"has-post-thumbnail","6":"product_cat-pro-team","8":"first","9":"onbackorder","10":"taxable","11":"shipping-taxable","12":"purchasable","13":"product-type-variable"},"yoast_head":"<!-- This site is optimized with the Yoast SEO plugin v27.4 - https:\/\/yoast.com\/product\/yoast-seo-wordpress\/ -->\n<title>BELKIN (a)-GIANT  2013  WIELERSHIRT - Ton Merckx Wielershirts - Rondreis door de wereld van wielershirts<\/title>\n<meta name=\"robots\" content=\"index, follow, max-snippet:-1, max-image-preview:large, max-video-preview:-1\" \/>\n<link rel=\"canonical\" href=\"https:\/\/mail.cyclingoriginals.com\/it\/maglia-da-ciclismo-retro\/gigante-belkin\/\" \/>\n<meta property=\"og:locale\" content=\"fr_FR\" \/>\n<meta property=\"og:type\" content=\"article\" \/>\n<meta property=\"og:title\" content=\"BELKIN (a)-GIANT  2013  WIELERSHIRT - Ton Merckx Wielershirts - Rondreis door de wereld van wielershirts\" \/>\n<meta property=\"og:description\" content=\"Gedurende het seizoen 2012 besluit de RABOBANK om te stoppen met sponsoring aan het einde van het jaar ivm enkele dopingschandalen.\u00a0 Wel gaat RABOBANK RABOBANK door met het Continental team. Ook voor 2013 komt men het contract van de PRO TOUR ploeg na, omdat er nog een contract is voor 2013 en 2014. RABOBANK staat [&hellip;]\" \/>\n<meta property=\"og:url\" content=\"https:\/\/mail.cyclingoriginals.com\/it\/maglia-da-ciclismo-retro\/gigante-belkin\/\" \/>\n<meta property=\"og:site_name\" content=\"Ton Merckx Wielershirts - Rondreis door de wereld van wielershirts\" \/>\n<meta property=\"article:modified_time\" content=\"2026-01-28T11:02:31+00:00\" \/>\n<meta property=\"og:image\" content=\"https:\/\/mail.cyclingoriginals.com\/wp-content\/uploads\/2023\/01\/SSA45169-rotated.jpg\" \/>\n\t<meta property=\"og:image:width\" content=\"1704\" \/>\n\t<meta property=\"og:image:height\" content=\"2272\" \/>\n\t<meta property=\"og:image:type\" content=\"image\/jpeg\" \/>\n<meta name=\"twitter:card\" content=\"summary_large_image\" \/>\n<meta name=\"twitter:label1\" content=\"Dur\u00e9e de lecture estim\u00e9e\" \/>\n\t<meta name=\"twitter:data1\" content=\"1 minute\" \/>\n<script type=\"application\/ld+json\" class=\"yoast-schema-graph\">{\"@context\":\"https:\\\/\\\/schema.org\",\"@graph\":[{\"@type\":\"WebPage\",\"@id\":\"https:\\\/\\\/mail.cyclingoriginals.com\\\/it\\\/maglia-da-ciclismo-retro\\\/gigante-belkin\\\/\",\"url\":\"https:\\\/\\\/mail.cyclingoriginals.com\\\/it\\\/maglia-da-ciclismo-retro\\\/gigante-belkin\\\/\",\"name\":\"BELKIN (a)-GIANT 2013 WIELERSHIRT - Ton Merckx Wielershirts - Rondreis door de wereld van wielershirts\",\"isPartOf\":{\"@id\":\"https:\\\/\\\/mail.ton-merckx-wielershirts.nl\\\/#website\"},\"primaryImageOfPage\":{\"@id\":\"https:\\\/\\\/mail.cyclingoriginals.com\\\/it\\\/maglia-da-ciclismo-retro\\\/gigante-belkin\\\/#primaryimage\"},\"image\":{\"@id\":\"https:\\\/\\\/mail.cyclingoriginals.com\\\/it\\\/maglia-da-ciclismo-retro\\\/gigante-belkin\\\/#primaryimage\"},\"thumbnailUrl\":\"https:\\\/\\\/mail.originalcyclingjerseys.com\\\/wp-content\\\/uploads\\\/2023\\\/01\\\/SSA45169-rotated.jpg\",\"datePublished\":\"2023-01-24T18:03:49+00:00\",\"dateModified\":\"2026-01-28T11:02:31+00:00\",\"breadcrumb\":{\"@id\":\"https:\\\/\\\/mail.cyclingoriginals.com\\\/it\\\/maglia-da-ciclismo-retro\\\/gigante-belkin\\\/#breadcrumb\"},\"inLanguage\":\"fr-FR\",\"potentialAction\":[{\"@type\":\"ReadAction\",\"target\":[\"https:\\\/\\\/mail.cyclingoriginals.com\\\/it\\\/maglia-da-ciclismo-retro\\\/gigante-belkin\\\/\"]}]},{\"@type\":\"ImageObject\",\"inLanguage\":\"fr-FR\",\"@id\":\"https:\\\/\\\/mail.cyclingoriginals.com\\\/it\\\/maglia-da-ciclismo-retro\\\/gigante-belkin\\\/#primaryimage\",\"url\":\"https:\\\/\\\/mail.originalcyclingjerseys.com\\\/wp-content\\\/uploads\\\/2023\\\/01\\\/SSA45169-rotated.jpg\",\"contentUrl\":\"https:\\\/\\\/mail.originalcyclingjerseys.com\\\/wp-content\\\/uploads\\\/2023\\\/01\\\/SSA45169-rotated.jpg\",\"width\":1704,\"height\":2272},{\"@type\":\"BreadcrumbList\",\"@id\":\"https:\\\/\\\/mail.cyclingoriginals.com\\\/it\\\/maglia-da-ciclismo-retro\\\/gigante-belkin\\\/#breadcrumb\",\"itemListElement\":[{\"@type\":\"ListItem\",\"position\":1,\"name\":\"Home\",\"item\":\"https:\\\/\\\/mail.ton-merckx-wielershirts.nl\\\/\"},{\"@type\":\"ListItem\",\"position\":2,\"name\":\"Retro wielershirts\",\"item\":\"https:\\\/\\\/mail.cyclingoriginals.com\\\/it\\\/maglie-da-ciclismo-retro\\\/\"},{\"@type\":\"ListItem\",\"position\":3,\"name\":\"BELKIN (a)-GIANT 2013 WIELERSHIRT\"}]},{\"@type\":\"WebSite\",\"@id\":\"https:\\\/\\\/mail.ton-merckx-wielershirts.nl\\\/#website\",\"url\":\"https:\\\/\\\/mail.ton-merckx-wielershirts.nl\\\/\",\"name\":\"Ton Merckx Wielershirts - Rondreis door de wereld van wielershirts\",\"description\":\"thousands of original cycling jerseys - order your replica!\",\"publisher\":{\"@id\":\"https:\\\/\\\/mail.ton-merckx-wielershirts.nl\\\/#organization\"},\"potentialAction\":[{\"@type\":\"SearchAction\",\"target\":{\"@type\":\"EntryPoint\",\"urlTemplate\":\"https:\\\/\\\/mail.ton-merckx-wielershirts.nl\\\/?s={search_term_string}\"},\"query-input\":{\"@type\":\"PropertyValueSpecification\",\"valueRequired\":true,\"valueName\":\"search_term_string\"}}],\"inLanguage\":\"fr-FR\"},{\"@type\":\"Organization\",\"@id\":\"https:\\\/\\\/mail.ton-merckx-wielershirts.nl\\\/#organization\",\"name\":\"Ton Merckx Wielershirts - Rondreis door de wereld van wielershirts\",\"url\":\"https:\\\/\\\/mail.ton-merckx-wielershirts.nl\\\/\",\"logo\":{\"@type\":\"ImageObject\",\"inLanguage\":\"fr-FR\",\"@id\":\"https:\\\/\\\/mail.ton-merckx-wielershirts.nl\\\/#\\\/schema\\\/logo\\\/image\\\/\",\"url\":\"https:\\\/\\\/mail.originalcyclingjerseys.com\\\/wp-content\\\/uploads\\\/2023\\\/03\\\/ton-merckx-logo.jpg\",\"contentUrl\":\"https:\\\/\\\/mail.originalcyclingjerseys.com\\\/wp-content\\\/uploads\\\/2023\\\/03\\\/ton-merckx-logo.jpg\",\"width\":391,\"height\":57,\"caption\":\"Ton Merckx Wielershirts - Rondreis door de wereld van wielershirts\"},\"image\":{\"@id\":\"https:\\\/\\\/mail.ton-merckx-wielershirts.nl\\\/#\\\/schema\\\/logo\\\/image\\\/\"}}]}<\/script>\n<!-- \/ Yoast SEO plugin. -->","yoast_head_json":{"title":"BELKIN (a)-CHEMISE DE CYCLISME G\u00c9ANTE 2013 - Maillots de cyclisme Ton Merckx - Tour \u00e0 travers le monde des maillots de cyclisme","robots":{"index":"index","follow":"follow","max-snippet":"max-snippet:-1","max-image-preview":"max-image-preview:large","max-video-preview":"max-video-preview:-1"},"canonical":"https:\/\/mail.cyclingoriginals.com\/it\/maglia-da-ciclismo-retro\/gigante-belkin\/","og_locale":"fr_FR","og_type":"article","og_title":"BELKIN (a)-GIANT  2013  WIELERSHIRT - Ton Merckx Wielershirts - Rondreis door de wereld van wielershirts","og_description":"Gedurende het seizoen 2012 besluit de RABOBANK om te stoppen met sponsoring aan het einde van het jaar ivm enkele dopingschandalen.\u00a0 Wel gaat RABOBANK RABOBANK door met het Continental team. Ook voor 2013 komt men het contract van de PRO TOUR ploeg na, omdat er nog een contract is voor 2013 en 2014. RABOBANK staat [&hellip;]","og_url":"https:\/\/mail.cyclingoriginals.com\/it\/maglia-da-ciclismo-retro\/gigante-belkin\/","og_site_name":"Ton Merckx Wielershirts - Rondreis door de wereld van wielershirts","article_modified_time":"2026-01-28T11:02:31+00:00","og_image":[{"width":1704,"height":2272,"url":"https:\/\/mail.cyclingoriginals.com\/wp-content\/uploads\/2023\/01\/SSA45169-rotated.jpg","type":"image\/jpeg"}],"twitter_card":"summary_large_image","twitter_misc":{"Dur\u00e9e de lecture estim\u00e9e":"1 minute"},"schema":{"@context":"https:\/\/schema.org","@graph":[{"@type":"WebPage","@id":"https:\/\/mail.cyclingoriginals.com\/it\/maglia-da-ciclismo-retro\/gigante-belkin\/","url":"https:\/\/mail.cyclingoriginals.com\/it\/maglia-da-ciclismo-retro\/gigante-belkin\/","name":"BELKIN (a)-CHEMISE DE CYCLISME G\u00c9ANTE 2013 - Maillots de cyclisme Ton Merckx - Tour \u00e0 travers le monde des maillots de cyclisme","isPartOf":{"@id":"https:\/\/mail.ton-merckx-wielershirts.nl\/#website"},"primaryImageOfPage":{"@id":"https:\/\/mail.cyclingoriginals.com\/it\/maglia-da-ciclismo-retro\/gigante-belkin\/#primaryimage"},"image":{"@id":"https:\/\/mail.cyclingoriginals.com\/it\/maglia-da-ciclismo-retro\/gigante-belkin\/#primaryimage"},"thumbnailUrl":"https:\/\/mail.originalcyclingjerseys.com\/wp-content\/uploads\/2023\/01\/SSA45169-rotated.jpg","datePublished":"2023-01-24T18:03:49+00:00","dateModified":"2026-01-28T11:02:31+00:00","breadcrumb":{"@id":"https:\/\/mail.cyclingoriginals.com\/it\/maglia-da-ciclismo-retro\/gigante-belkin\/#breadcrumb"},"inLanguage":"fr-FR","potentialAction":[{"@type":"ReadAction","target":["https:\/\/mail.cyclingoriginals.com\/it\/maglia-da-ciclismo-retro\/gigante-belkin\/"]}]},{"@type":"ImageObject","inLanguage":"fr-FR","@id":"https:\/\/mail.cyclingoriginals.com\/it\/maglia-da-ciclismo-retro\/gigante-belkin\/#primaryimage","url":"https:\/\/mail.originalcyclingjerseys.com\/wp-content\/uploads\/2023\/01\/SSA45169-rotated.jpg","contentUrl":"https:\/\/mail.originalcyclingjerseys.com\/wp-content\/uploads\/2023\/01\/SSA45169-rotated.jpg","width":1704,"height":2272},{"@type":"BreadcrumbList","@id":"https:\/\/mail.cyclingoriginals.com\/it\/maglia-da-ciclismo-retro\/gigante-belkin\/#breadcrumb","itemListElement":[{"@type":"ListItem","position":1,"name":"Home","item":"https:\/\/mail.ton-merckx-wielershirts.nl\/"},{"@type":"ListItem","position":2,"name":"Retro wielershirts","item":"https:\/\/mail.cyclingoriginals.com\/it\/maglie-da-ciclismo-retro\/"},{"@type":"ListItem","position":3,"name":"BELKIN (a)-GIANT 2013 WIELERSHIRT"}]},{"@type":"WebSite","@id":"https:\/\/mail.ton-merckx-wielershirts.nl\/#website","url":"https:\/\/mail.ton-merckx-wielershirts.nl\/","name":"Chemises de cyclisme Ton Merckx - Tour \u00e0 travers le monde des chemises de cyclisme","description":"des milliers de maillots de cyclisme originaux - commandez votre r\u00e9plique !","publisher":{"@id":"https:\/\/mail.ton-merckx-wielershirts.nl\/#organization"},"potentialAction":[{"@type":"SearchAction","target":{"@type":"EntryPoint","urlTemplate":"https:\/\/mail.ton-merckx-wielershirts.nl\/?s={search_term_string}"},"query-input":{"@type":"PropertyValueSpecification","valueRequired":true,"valueName":"search_term_string"}}],"inLanguage":"fr-FR"},{"@type":"Organization","@id":"https:\/\/mail.ton-merckx-wielershirts.nl\/#organization","name":"Chemises de cyclisme Ton Merckx - Tour \u00e0 travers le monde des chemises de cyclisme","url":"https:\/\/mail.ton-merckx-wielershirts.nl\/","logo":{"@type":"ImageObject","inLanguage":"fr-FR","@id":"https:\/\/mail.ton-merckx-wielershirts.nl\/#\/schema\/logo\/image\/","url":"https:\/\/mail.originalcyclingjerseys.com\/wp-content\/uploads\/2023\/03\/ton-merckx-logo.jpg","contentUrl":"https:\/\/mail.originalcyclingjerseys.com\/wp-content\/uploads\/2023\/03\/ton-merckx-logo.jpg","width":391,"height":57,"caption":"Ton Merckx Wielershirts - Rondreis door de wereld van wielershirts"},"image":{"@id":"https:\/\/mail.ton-merckx-wielershirts.nl\/#\/schema\/logo\/image\/"}}]}},"_links":{"self":[{"href":"https:\/\/mail.originalcyclingjerseys.com\/fr\/wp-json\/wp\/v2\/product\/3533","targetHints":{"allow":["GET"]}}],"collection":[{"href":"https:\/\/mail.originalcyclingjerseys.com\/fr\/wp-json\/wp\/v2\/product"}],"about":[{"href":"https:\/\/mail.originalcyclingjerseys.com\/fr\/wp-json\/wp\/v2\/types\/product"}],"wp:featuredmedia":[{"embeddable":true,"href":"https:\/\/mail.originalcyclingjerseys.com\/fr\/wp-json\/wp\/v2\/media\/3532"}],"wp:attachment":[{"href":"https:\/\/mail.originalcyclingjerseys.com\/fr\/wp-json\/wp\/v2\/media?parent=3533"}],"wp:term":[{"taxonomy":"product_brand","embeddable":true,"href":"https:\/\/mail.originalcyclingjerseys.com\/fr\/wp-json\/wp\/v2\/product_brand?post=3533"},{"taxonomy":"product_cat","embeddable":true,"href":"https:\/\/mail.originalcyclingjerseys.com\/fr\/wp-json\/wp\/v2\/product_cat?post=3533"},{"taxonomy":"product_tag","embeddable":true,"href":"https:\/\/mail.originalcyclingjerseys.com\/fr\/wp-json\/wp\/v2\/product_tag?post=3533"}],"curies":[{"name":"wp","href":"https:\/\/api.w.org\/{rel}","templated":true}]}}