{"id":4779,"date":"2023-01-24T18:18:33","date_gmt":"2023-01-24T18:18:33","guid":{"rendered":"https:\/\/ton.connectingminds.net\/product\/saunier-duval-scott\/"},"modified":"2026-01-28T12:01:18","modified_gmt":"2026-01-28T11:01:18","slug":"saunier-duval-scott","status":"publish","type":"product","link":"https:\/\/mail.originalcyclingjerseys.com\/fr\/retro-wielershirt\/saunier-duval-scott\/","title":{"rendered":"SAUNIER DUVAL (d)-MAILLOT DE CYCLISME SCOTT 2008"},"content":{"rendered":"<p>En raison du scandale de dopage des coureurs Piepoli et Ricco lors du Tour de France 2008, SAUNIER DUVAL d\u00e9cide de cesser son sponsoring \u00e0 compter du 30 juillet.<\/p>\n<p>L&#039;\u00e9quipe continuera sous le nom de Scott-American Beef.<\/p>","protected":false},"excerpt":{"rendered":"<p>En raison du scandale de dopage des coureurs Piepoli et Ricco lors du Tour de France 2008, SAUNIER DUVAL d\u00e9cide de cesser son sponsoring \u00e0 compter du 30 juillet. L&#039;\u00e9quipe continuera sous le nom de Scott-American Beef.<\/p>","protected":false},"featured_media":4778,"template":"","meta":[],"product_brand":[],"product_cat":[151],"product_tag":[],"class_list":{"0":"post-4779","1":"product","2":"type-product","3":"status-publish","4":"has-post-thumbnail","6":"product_cat-pro-team","8":"first","9":"onbackorder","10":"taxable","11":"shipping-taxable","12":"purchasable","13":"product-type-variable"},"yoast_head":"<!-- This site is optimized with the Yoast SEO plugin v27.3 - https:\/\/yoast.com\/product\/yoast-seo-wordpress\/ -->\n<title>SAUNIER DUVAL (d)-SCOTT  2008  WIELERSHIRT - Ton Merckx Wielershirts - Rondreis door de wereld van wielershirts<\/title>\n<meta name=\"robots\" content=\"index, follow, max-snippet:-1, max-image-preview:large, max-video-preview:-1\" \/>\n<link rel=\"canonical\" href=\"https:\/\/vintagecycling.store\/es\/maillot-ciclista-retro\/saunier-duval-scott\/\" \/>\n<meta property=\"og:locale\" content=\"fr_FR\" \/>\n<meta property=\"og:type\" content=\"article\" \/>\n<meta property=\"og:title\" content=\"SAUNIER DUVAL (d)-SCOTT  2008  WIELERSHIRT - Ton Merckx Wielershirts - Rondreis door de wereld van wielershirts\" \/>\n<meta property=\"og:description\" content=\"Door het dopingschandaal met de renners Piepoli en Ricco in de Tour de France van 2008 besluit SAUNIER DUVAL de sponsoring per 30 Juli stop te zetten. De ploeg gaat verder onder de naam Scott-American beef.\" \/>\n<meta property=\"og:url\" content=\"https:\/\/vintagecycling.store\/es\/maillot-ciclista-retro\/saunier-duval-scott\/\" \/>\n<meta property=\"og:site_name\" content=\"Ton Merckx Wielershirts - Rondreis door de wereld van wielershirts\" \/>\n<meta property=\"article:modified_time\" content=\"2026-01-28T11:01:18+00:00\" \/>\n<meta property=\"og:image\" content=\"https:\/\/vintagecycling.store\/wp-content\/uploads\/2023\/01\/IMG_0479-scaled.jpg\" \/>\n\t<meta property=\"og:image:width\" content=\"1920\" \/>\n\t<meta property=\"og:image:height\" content=\"2560\" \/>\n\t<meta property=\"og:image:type\" content=\"image\/jpeg\" \/>\n<meta name=\"twitter:card\" content=\"summary_large_image\" \/>\n<meta name=\"twitter:label1\" content=\"Dur\u00e9e de lecture estim\u00e9e\" \/>\n\t<meta name=\"twitter:data1\" content=\"1 minute\" \/>\n<script type=\"application\/ld+json\" class=\"yoast-schema-graph\">{\"@context\":\"https:\\\/\\\/schema.org\",\"@graph\":[{\"@type\":\"WebPage\",\"@id\":\"https:\\\/\\\/vintagecycling.store\\\/es\\\/maillot-ciclista-retro\\\/saunier-duval-scott\\\/\",\"url\":\"https:\\\/\\\/vintagecycling.store\\\/es\\\/maillot-ciclista-retro\\\/saunier-duval-scott\\\/\",\"name\":\"SAUNIER DUVAL (d)-SCOTT 2008 WIELERSHIRT - Ton Merckx Wielershirts - Rondreis door de wereld van wielershirts\",\"isPartOf\":{\"@id\":\"https:\\\/\\\/tonmerckxwielershirts.nl\\\/es\\\/#website\"},\"primaryImageOfPage\":{\"@id\":\"https:\\\/\\\/vintagecycling.store\\\/es\\\/maillot-ciclista-retro\\\/saunier-duval-scott\\\/#primaryimage\"},\"image\":{\"@id\":\"https:\\\/\\\/vintagecycling.store\\\/es\\\/maillot-ciclista-retro\\\/saunier-duval-scott\\\/#primaryimage\"},\"thumbnailUrl\":\"https:\\\/\\\/mail.originalcyclingjerseys.com\\\/wp-content\\\/uploads\\\/2023\\\/01\\\/IMG_0479-scaled.jpg\",\"datePublished\":\"2023-01-24T18:18:33+00:00\",\"dateModified\":\"2026-01-28T11:01:18+00:00\",\"breadcrumb\":{\"@id\":\"https:\\\/\\\/vintagecycling.store\\\/es\\\/maillot-ciclista-retro\\\/saunier-duval-scott\\\/#breadcrumb\"},\"inLanguage\":\"fr-FR\",\"potentialAction\":[{\"@type\":\"ReadAction\",\"target\":[\"https:\\\/\\\/vintagecycling.store\\\/es\\\/maillot-ciclista-retro\\\/saunier-duval-scott\\\/\"]}]},{\"@type\":\"ImageObject\",\"inLanguage\":\"fr-FR\",\"@id\":\"https:\\\/\\\/vintagecycling.store\\\/es\\\/maillot-ciclista-retro\\\/saunier-duval-scott\\\/#primaryimage\",\"url\":\"https:\\\/\\\/mail.originalcyclingjerseys.com\\\/wp-content\\\/uploads\\\/2023\\\/01\\\/IMG_0479-scaled.jpg\",\"contentUrl\":\"https:\\\/\\\/mail.originalcyclingjerseys.com\\\/wp-content\\\/uploads\\\/2023\\\/01\\\/IMG_0479-scaled.jpg\",\"width\":1920,\"height\":2560},{\"@type\":\"BreadcrumbList\",\"@id\":\"https:\\\/\\\/vintagecycling.store\\\/es\\\/maillot-ciclista-retro\\\/saunier-duval-scott\\\/#breadcrumb\",\"itemListElement\":[{\"@type\":\"ListItem\",\"position\":1,\"name\":\"Home\",\"item\":\"https:\\\/\\\/tonmerckxwielershirts.nl\\\/es\\\/\"},{\"@type\":\"ListItem\",\"position\":2,\"name\":\"Retro wielershirts\",\"item\":\"https:\\\/\\\/tonmerckxwielershirts.nl\\\/es\\\/camisetas-de-ciclismo-retro\\\/\"},{\"@type\":\"ListItem\",\"position\":3,\"name\":\"SAUNIER DUVAL (d)-SCOTT 2008 WIELERSHIRT\"}]},{\"@type\":\"WebSite\",\"@id\":\"https:\\\/\\\/tonmerckxwielershirts.nl\\\/es\\\/#website\",\"url\":\"https:\\\/\\\/tonmerckxwielershirts.nl\\\/es\\\/\",\"name\":\"Ton Merckx Wielershirts - Rondreis door de wereld van wielershirts\",\"description\":\"thousands of original cycling jerseys - order your replica!\",\"publisher\":{\"@id\":\"https:\\\/\\\/tonmerckxwielershirts.nl\\\/es\\\/#organization\"},\"potentialAction\":[{\"@type\":\"SearchAction\",\"target\":{\"@type\":\"EntryPoint\",\"urlTemplate\":\"https:\\\/\\\/tonmerckxwielershirts.nl\\\/es\\\/?s={search_term_string}\"},\"query-input\":{\"@type\":\"PropertyValueSpecification\",\"valueRequired\":true,\"valueName\":\"search_term_string\"}}],\"inLanguage\":\"fr-FR\"},{\"@type\":\"Organization\",\"@id\":\"https:\\\/\\\/tonmerckxwielershirts.nl\\\/es\\\/#organization\",\"name\":\"Ton Merckx Wielershirts - Rondreis door de wereld van wielershirts\",\"url\":\"https:\\\/\\\/tonmerckxwielershirts.nl\\\/es\\\/\",\"logo\":{\"@type\":\"ImageObject\",\"inLanguage\":\"fr-FR\",\"@id\":\"https:\\\/\\\/tonmerckxwielershirts.nl\\\/es\\\/#\\\/schema\\\/logo\\\/image\\\/\",\"url\":\"https:\\\/\\\/mail.originalcyclingjerseys.com\\\/wp-content\\\/uploads\\\/2023\\\/03\\\/ton-merckx-logo.jpg\",\"contentUrl\":\"https:\\\/\\\/mail.originalcyclingjerseys.com\\\/wp-content\\\/uploads\\\/2023\\\/03\\\/ton-merckx-logo.jpg\",\"width\":391,\"height\":57,\"caption\":\"Ton Merckx Wielershirts - Rondreis door de wereld van wielershirts\"},\"image\":{\"@id\":\"https:\\\/\\\/tonmerckxwielershirts.nl\\\/es\\\/#\\\/schema\\\/logo\\\/image\\\/\"}}]}<\/script>\n<!-- \/ Yoast SEO plugin. -->","yoast_head_json":{"title":"SAUNIER DUVAL (d)-MAILLOT DE CYCLISME SCOTT 2008 - Maillots de cyclisme Ton Merckx - Tour \u00e0 travers le monde des maillots de cyclisme","robots":{"index":"index","follow":"follow","max-snippet":"max-snippet:-1","max-image-preview":"max-image-preview:large","max-video-preview":"max-video-preview:-1"},"canonical":"https:\/\/vintagecycling.store\/es\/maillot-ciclista-retro\/saunier-duval-scott\/","og_locale":"fr_FR","og_type":"article","og_title":"SAUNIER DUVAL (d)-SCOTT  2008  WIELERSHIRT - Ton Merckx Wielershirts - Rondreis door de wereld van wielershirts","og_description":"Door het dopingschandaal met de renners Piepoli en Ricco in de Tour de France van 2008 besluit SAUNIER DUVAL de sponsoring per 30 Juli stop te zetten. De ploeg gaat verder onder de naam Scott-American beef.","og_url":"https:\/\/vintagecycling.store\/es\/maillot-ciclista-retro\/saunier-duval-scott\/","og_site_name":"Ton Merckx Wielershirts - Rondreis door de wereld van wielershirts","article_modified_time":"2026-01-28T11:01:18+00:00","og_image":[{"width":1920,"height":2560,"url":"https:\/\/vintagecycling.store\/wp-content\/uploads\/2023\/01\/IMG_0479-scaled.jpg","type":"image\/jpeg"}],"twitter_card":"summary_large_image","twitter_misc":{"Dur\u00e9e de lecture estim\u00e9e":"1 minute"},"schema":{"@context":"https:\/\/schema.org","@graph":[{"@type":"WebPage","@id":"https:\/\/vintagecycling.store\/es\/maillot-ciclista-retro\/saunier-duval-scott\/","url":"https:\/\/vintagecycling.store\/es\/maillot-ciclista-retro\/saunier-duval-scott\/","name":"SAUNIER DUVAL (d)-MAILLOT DE CYCLISME SCOTT 2008 - Maillots de cyclisme Ton Merckx - Tour \u00e0 travers le monde des maillots de cyclisme","isPartOf":{"@id":"https:\/\/tonmerckxwielershirts.nl\/es\/#website"},"primaryImageOfPage":{"@id":"https:\/\/vintagecycling.store\/es\/maillot-ciclista-retro\/saunier-duval-scott\/#primaryimage"},"image":{"@id":"https:\/\/vintagecycling.store\/es\/maillot-ciclista-retro\/saunier-duval-scott\/#primaryimage"},"thumbnailUrl":"https:\/\/mail.originalcyclingjerseys.com\/wp-content\/uploads\/2023\/01\/IMG_0479-scaled.jpg","datePublished":"2023-01-24T18:18:33+00:00","dateModified":"2026-01-28T11:01:18+00:00","breadcrumb":{"@id":"https:\/\/vintagecycling.store\/es\/maillot-ciclista-retro\/saunier-duval-scott\/#breadcrumb"},"inLanguage":"fr-FR","potentialAction":[{"@type":"ReadAction","target":["https:\/\/vintagecycling.store\/es\/maillot-ciclista-retro\/saunier-duval-scott\/"]}]},{"@type":"ImageObject","inLanguage":"fr-FR","@id":"https:\/\/vintagecycling.store\/es\/maillot-ciclista-retro\/saunier-duval-scott\/#primaryimage","url":"https:\/\/mail.originalcyclingjerseys.com\/wp-content\/uploads\/2023\/01\/IMG_0479-scaled.jpg","contentUrl":"https:\/\/mail.originalcyclingjerseys.com\/wp-content\/uploads\/2023\/01\/IMG_0479-scaled.jpg","width":1920,"height":2560},{"@type":"BreadcrumbList","@id":"https:\/\/vintagecycling.store\/es\/maillot-ciclista-retro\/saunier-duval-scott\/#breadcrumb","itemListElement":[{"@type":"ListItem","position":1,"name":"Home","item":"https:\/\/tonmerckxwielershirts.nl\/es\/"},{"@type":"ListItem","position":2,"name":"Retro wielershirts","item":"https:\/\/tonmerckxwielershirts.nl\/es\/camisetas-de-ciclismo-retro\/"},{"@type":"ListItem","position":3,"name":"SAUNIER DUVAL (d)-SCOTT 2008 WIELERSHIRT"}]},{"@type":"WebSite","@id":"https:\/\/tonmerckxwielershirts.nl\/es\/#website","url":"https:\/\/tonmerckxwielershirts.nl\/es\/","name":"Chemises de cyclisme Ton Merckx - Tour \u00e0 travers le monde des chemises de cyclisme","description":"des milliers de maillots de cyclisme originaux - commandez votre r\u00e9plique !","publisher":{"@id":"https:\/\/tonmerckxwielershirts.nl\/es\/#organization"},"potentialAction":[{"@type":"SearchAction","target":{"@type":"EntryPoint","urlTemplate":"https:\/\/tonmerckxwielershirts.nl\/es\/?s={search_term_string}"},"query-input":{"@type":"PropertyValueSpecification","valueRequired":true,"valueName":"search_term_string"}}],"inLanguage":"fr-FR"},{"@type":"Organization","@id":"https:\/\/tonmerckxwielershirts.nl\/es\/#organization","name":"Chemises de cyclisme Ton Merckx - Tour \u00e0 travers le monde des chemises de cyclisme","url":"https:\/\/tonmerckxwielershirts.nl\/es\/","logo":{"@type":"ImageObject","inLanguage":"fr-FR","@id":"https:\/\/tonmerckxwielershirts.nl\/es\/#\/schema\/logo\/image\/","url":"https:\/\/mail.originalcyclingjerseys.com\/wp-content\/uploads\/2023\/03\/ton-merckx-logo.jpg","contentUrl":"https:\/\/mail.originalcyclingjerseys.com\/wp-content\/uploads\/2023\/03\/ton-merckx-logo.jpg","width":391,"height":57,"caption":"Ton Merckx Wielershirts - Rondreis door de wereld van wielershirts"},"image":{"@id":"https:\/\/tonmerckxwielershirts.nl\/es\/#\/schema\/logo\/image\/"}}]}},"_links":{"self":[{"href":"https:\/\/mail.originalcyclingjerseys.com\/fr\/wp-json\/wp\/v2\/product\/4779","targetHints":{"allow":["GET"]}}],"collection":[{"href":"https:\/\/mail.originalcyclingjerseys.com\/fr\/wp-json\/wp\/v2\/product"}],"about":[{"href":"https:\/\/mail.originalcyclingjerseys.com\/fr\/wp-json\/wp\/v2\/types\/product"}],"wp:featuredmedia":[{"embeddable":true,"href":"https:\/\/mail.originalcyclingjerseys.com\/fr\/wp-json\/wp\/v2\/media\/4778"}],"wp:attachment":[{"href":"https:\/\/mail.originalcyclingjerseys.com\/fr\/wp-json\/wp\/v2\/media?parent=4779"}],"wp:term":[{"taxonomy":"product_brand","embeddable":true,"href":"https:\/\/mail.originalcyclingjerseys.com\/fr\/wp-json\/wp\/v2\/product_brand?post=4779"},{"taxonomy":"product_cat","embeddable":true,"href":"https:\/\/mail.originalcyclingjerseys.com\/fr\/wp-json\/wp\/v2\/product_cat?post=4779"},{"taxonomy":"product_tag","embeddable":true,"href":"https:\/\/mail.originalcyclingjerseys.com\/fr\/wp-json\/wp\/v2\/product_tag?post=4779"}],"curies":[{"name":"wp","href":"https:\/\/api.w.org\/{rel}","templated":true}]}}