{"id":3533,"date":"2023-01-24T18:03:49","date_gmt":"2023-01-24T18:03:49","guid":{"rendered":"https:\/\/ton.connectingminds.net\/product\/belkin-giant\/"},"modified":"2026-01-28T12:02:31","modified_gmt":"2026-01-28T11:02:31","slug":"gigante-belkin","status":"publish","type":"product","link":"https:\/\/mail.originalcyclingjerseys.com\/it\/retro-wielershirt\/belkin-giant\/","title":{"rendered":"MAGLIA DA CICLISMO BELKIN (a)-GIANT 2013"},"content":{"rendered":"<p>Durante la stagione 2012, RABOBANK decide di interrompere la sponsorizzazione alla fine dell&#039;anno a causa di diversi scandali di doping. RABOBANK RABOBANK continuer\u00e0 con il team Continental. Il contratto della squadra PRO TOUR sar\u00e0 onorato anche per il 2013, perch\u00e9 c&#039;\u00e8 ancora un contratto per il 2013 e il 2014.<\/p>\n<p>RABOBANK non sar\u00e0 pi\u00f9 sulla maglia nel 2013, sar\u00e0 BLANCO.<\/p>\n<p>A partire dal TOUR DE FRANCE 2013 (29 giugno 2013), la squadra indosser\u00e0 la maglia BELKIN.<\/p>","protected":false},"excerpt":{"rendered":"<p>Gedurende het seizoen 2012 besluit de RABOBANK om te stoppen met sponsoring aan het einde van het jaar ivm enkele dopingschandalen.\u00a0 Wel gaat RABOBANK RABOBANK door met het Continental team. Ook voor 2013 komt men het contract van de PRO TOUR ploeg na, omdat er nog een contract is voor 2013 en 2014. RABOBANK staat [&hellip;]<\/p>\n","protected":false},"featured_media":3532,"template":"","meta":[],"product_brand":[],"product_cat":[151],"product_tag":[],"class_list":{"0":"post-3533","1":"product","2":"type-product","3":"status-publish","4":"has-post-thumbnail","6":"product_cat-pro-team","8":"first","9":"onbackorder","10":"taxable","11":"shipping-taxable","12":"purchasable","13":"product-type-variable"},"yoast_head":"<!-- This site is optimized with the Yoast SEO plugin v27.4 - https:\/\/yoast.com\/product\/yoast-seo-wordpress\/ -->\n<title>BELKIN (a)-GIANT  2013  WIELERSHIRT - Ton Merckx Wielershirts - Rondreis door de wereld van wielershirts<\/title>\n<meta name=\"robots\" content=\"index, follow, max-snippet:-1, max-image-preview:large, max-video-preview:-1\" \/>\n<link rel=\"canonical\" href=\"https:\/\/mail.cyclingoriginals.com\/it\/maglia-da-ciclismo-retro\/gigante-belkin\/\" \/>\n<meta property=\"og:locale\" content=\"it_IT\" \/>\n<meta property=\"og:type\" content=\"article\" \/>\n<meta property=\"og:title\" content=\"BELKIN (a)-GIANT  2013  WIELERSHIRT - Ton Merckx Wielershirts - Rondreis door de wereld van wielershirts\" \/>\n<meta property=\"og:description\" content=\"Gedurende het seizoen 2012 besluit de RABOBANK om te stoppen met sponsoring aan het einde van het jaar ivm enkele dopingschandalen.\u00a0 Wel gaat RABOBANK RABOBANK door met het Continental team. Ook voor 2013 komt men het contract van de PRO TOUR ploeg na, omdat er nog een contract is voor 2013 en 2014. RABOBANK staat [&hellip;]\" \/>\n<meta property=\"og:url\" content=\"https:\/\/mail.cyclingoriginals.com\/it\/maglia-da-ciclismo-retro\/gigante-belkin\/\" \/>\n<meta property=\"og:site_name\" content=\"Ton Merckx Wielershirts - Rondreis door de wereld van wielershirts\" \/>\n<meta property=\"article:modified_time\" content=\"2026-01-28T11:02:31+00:00\" \/>\n<meta property=\"og:image\" content=\"https:\/\/mail.cyclingoriginals.com\/wp-content\/uploads\/2023\/01\/SSA45169-rotated.jpg\" \/>\n\t<meta property=\"og:image:width\" content=\"1704\" \/>\n\t<meta property=\"og:image:height\" content=\"2272\" \/>\n\t<meta property=\"og:image:type\" content=\"image\/jpeg\" \/>\n<meta name=\"twitter:card\" content=\"summary_large_image\" \/>\n<meta name=\"twitter:label1\" content=\"Tempo di lettura stimato\" \/>\n\t<meta name=\"twitter:data1\" content=\"1 minuto\" \/>\n<script type=\"application\/ld+json\" class=\"yoast-schema-graph\">{\"@context\":\"https:\\\/\\\/schema.org\",\"@graph\":[{\"@type\":\"WebPage\",\"@id\":\"https:\\\/\\\/mail.cyclingoriginals.com\\\/it\\\/maglia-da-ciclismo-retro\\\/gigante-belkin\\\/\",\"url\":\"https:\\\/\\\/mail.cyclingoriginals.com\\\/it\\\/maglia-da-ciclismo-retro\\\/gigante-belkin\\\/\",\"name\":\"BELKIN (a)-GIANT 2013 WIELERSHIRT - Ton Merckx Wielershirts - Rondreis door de wereld van wielershirts\",\"isPartOf\":{\"@id\":\"https:\\\/\\\/mail.ton-merckx-wielershirts.nl\\\/#website\"},\"primaryImageOfPage\":{\"@id\":\"https:\\\/\\\/mail.cyclingoriginals.com\\\/it\\\/maglia-da-ciclismo-retro\\\/gigante-belkin\\\/#primaryimage\"},\"image\":{\"@id\":\"https:\\\/\\\/mail.cyclingoriginals.com\\\/it\\\/maglia-da-ciclismo-retro\\\/gigante-belkin\\\/#primaryimage\"},\"thumbnailUrl\":\"https:\\\/\\\/mail.originalcyclingjerseys.com\\\/wp-content\\\/uploads\\\/2023\\\/01\\\/SSA45169-rotated.jpg\",\"datePublished\":\"2023-01-24T18:03:49+00:00\",\"dateModified\":\"2026-01-28T11:02:31+00:00\",\"breadcrumb\":{\"@id\":\"https:\\\/\\\/mail.cyclingoriginals.com\\\/it\\\/maglia-da-ciclismo-retro\\\/gigante-belkin\\\/#breadcrumb\"},\"inLanguage\":\"it-IT\",\"potentialAction\":[{\"@type\":\"ReadAction\",\"target\":[\"https:\\\/\\\/mail.cyclingoriginals.com\\\/it\\\/maglia-da-ciclismo-retro\\\/gigante-belkin\\\/\"]}]},{\"@type\":\"ImageObject\",\"inLanguage\":\"it-IT\",\"@id\":\"https:\\\/\\\/mail.cyclingoriginals.com\\\/it\\\/maglia-da-ciclismo-retro\\\/gigante-belkin\\\/#primaryimage\",\"url\":\"https:\\\/\\\/mail.originalcyclingjerseys.com\\\/wp-content\\\/uploads\\\/2023\\\/01\\\/SSA45169-rotated.jpg\",\"contentUrl\":\"https:\\\/\\\/mail.originalcyclingjerseys.com\\\/wp-content\\\/uploads\\\/2023\\\/01\\\/SSA45169-rotated.jpg\",\"width\":1704,\"height\":2272},{\"@type\":\"BreadcrumbList\",\"@id\":\"https:\\\/\\\/mail.cyclingoriginals.com\\\/it\\\/maglia-da-ciclismo-retro\\\/gigante-belkin\\\/#breadcrumb\",\"itemListElement\":[{\"@type\":\"ListItem\",\"position\":1,\"name\":\"Home\",\"item\":\"https:\\\/\\\/mail.ton-merckx-wielershirts.nl\\\/\"},{\"@type\":\"ListItem\",\"position\":2,\"name\":\"Retro wielershirts\",\"item\":\"https:\\\/\\\/mail.cyclingoriginals.com\\\/it\\\/maglie-da-ciclismo-retro\\\/\"},{\"@type\":\"ListItem\",\"position\":3,\"name\":\"BELKIN (a)-GIANT 2013 WIELERSHIRT\"}]},{\"@type\":\"WebSite\",\"@id\":\"https:\\\/\\\/mail.ton-merckx-wielershirts.nl\\\/#website\",\"url\":\"https:\\\/\\\/mail.ton-merckx-wielershirts.nl\\\/\",\"name\":\"Ton Merckx Wielershirts - Rondreis door de wereld van wielershirts\",\"description\":\"thousands of original cycling jerseys - order your replica!\",\"publisher\":{\"@id\":\"https:\\\/\\\/mail.ton-merckx-wielershirts.nl\\\/#organization\"},\"potentialAction\":[{\"@type\":\"SearchAction\",\"target\":{\"@type\":\"EntryPoint\",\"urlTemplate\":\"https:\\\/\\\/mail.ton-merckx-wielershirts.nl\\\/?s={search_term_string}\"},\"query-input\":{\"@type\":\"PropertyValueSpecification\",\"valueRequired\":true,\"valueName\":\"search_term_string\"}}],\"inLanguage\":\"it-IT\"},{\"@type\":\"Organization\",\"@id\":\"https:\\\/\\\/mail.ton-merckx-wielershirts.nl\\\/#organization\",\"name\":\"Ton Merckx Wielershirts - Rondreis door de wereld van wielershirts\",\"url\":\"https:\\\/\\\/mail.ton-merckx-wielershirts.nl\\\/\",\"logo\":{\"@type\":\"ImageObject\",\"inLanguage\":\"it-IT\",\"@id\":\"https:\\\/\\\/mail.ton-merckx-wielershirts.nl\\\/#\\\/schema\\\/logo\\\/image\\\/\",\"url\":\"https:\\\/\\\/mail.originalcyclingjerseys.com\\\/wp-content\\\/uploads\\\/2023\\\/03\\\/ton-merckx-logo.jpg\",\"contentUrl\":\"https:\\\/\\\/mail.originalcyclingjerseys.com\\\/wp-content\\\/uploads\\\/2023\\\/03\\\/ton-merckx-logo.jpg\",\"width\":391,\"height\":57,\"caption\":\"Ton Merckx Wielershirts - Rondreis door de wereld van wielershirts\"},\"image\":{\"@id\":\"https:\\\/\\\/mail.ton-merckx-wielershirts.nl\\\/#\\\/schema\\\/logo\\\/image\\\/\"}}]}<\/script>\n<!-- \/ Yoast SEO plugin. -->","yoast_head_json":{"title":"MAGLIA CICLISMO BELKIN (a)-GIANT 2013 - Maglie ciclismo Ton Merckx - Tour nel mondo delle maglie ciclismo","robots":{"index":"index","follow":"follow","max-snippet":"max-snippet:-1","max-image-preview":"max-image-preview:large","max-video-preview":"max-video-preview:-1"},"canonical":"https:\/\/mail.cyclingoriginals.com\/it\/maglia-da-ciclismo-retro\/gigante-belkin\/","og_locale":"it_IT","og_type":"article","og_title":"BELKIN (a)-GIANT  2013  WIELERSHIRT - Ton Merckx Wielershirts - Rondreis door de wereld van wielershirts","og_description":"Gedurende het seizoen 2012 besluit de RABOBANK om te stoppen met sponsoring aan het einde van het jaar ivm enkele dopingschandalen.\u00a0 Wel gaat RABOBANK RABOBANK door met het Continental team. Ook voor 2013 komt men het contract van de PRO TOUR ploeg na, omdat er nog een contract is voor 2013 en 2014. RABOBANK staat [&hellip;]","og_url":"https:\/\/mail.cyclingoriginals.com\/it\/maglia-da-ciclismo-retro\/gigante-belkin\/","og_site_name":"Ton Merckx Wielershirts - Rondreis door de wereld van wielershirts","article_modified_time":"2026-01-28T11:02:31+00:00","og_image":[{"width":1704,"height":2272,"url":"https:\/\/mail.cyclingoriginals.com\/wp-content\/uploads\/2023\/01\/SSA45169-rotated.jpg","type":"image\/jpeg"}],"twitter_card":"summary_large_image","twitter_misc":{"Tempo di lettura stimato":"1 minuto"},"schema":{"@context":"https:\/\/schema.org","@graph":[{"@type":"WebPage","@id":"https:\/\/mail.cyclingoriginals.com\/it\/maglia-da-ciclismo-retro\/gigante-belkin\/","url":"https:\/\/mail.cyclingoriginals.com\/it\/maglia-da-ciclismo-retro\/gigante-belkin\/","name":"MAGLIA CICLISMO BELKIN (a)-GIANT 2013 - Maglie ciclismo Ton Merckx - Tour nel mondo delle maglie ciclismo","isPartOf":{"@id":"https:\/\/mail.ton-merckx-wielershirts.nl\/#website"},"primaryImageOfPage":{"@id":"https:\/\/mail.cyclingoriginals.com\/it\/maglia-da-ciclismo-retro\/gigante-belkin\/#primaryimage"},"image":{"@id":"https:\/\/mail.cyclingoriginals.com\/it\/maglia-da-ciclismo-retro\/gigante-belkin\/#primaryimage"},"thumbnailUrl":"https:\/\/mail.originalcyclingjerseys.com\/wp-content\/uploads\/2023\/01\/SSA45169-rotated.jpg","datePublished":"2023-01-24T18:03:49+00:00","dateModified":"2026-01-28T11:02:31+00:00","breadcrumb":{"@id":"https:\/\/mail.cyclingoriginals.com\/it\/maglia-da-ciclismo-retro\/gigante-belkin\/#breadcrumb"},"inLanguage":"it-IT","potentialAction":[{"@type":"ReadAction","target":["https:\/\/mail.cyclingoriginals.com\/it\/maglia-da-ciclismo-retro\/gigante-belkin\/"]}]},{"@type":"ImageObject","inLanguage":"it-IT","@id":"https:\/\/mail.cyclingoriginals.com\/it\/maglia-da-ciclismo-retro\/gigante-belkin\/#primaryimage","url":"https:\/\/mail.originalcyclingjerseys.com\/wp-content\/uploads\/2023\/01\/SSA45169-rotated.jpg","contentUrl":"https:\/\/mail.originalcyclingjerseys.com\/wp-content\/uploads\/2023\/01\/SSA45169-rotated.jpg","width":1704,"height":2272},{"@type":"BreadcrumbList","@id":"https:\/\/mail.cyclingoriginals.com\/it\/maglia-da-ciclismo-retro\/gigante-belkin\/#breadcrumb","itemListElement":[{"@type":"ListItem","position":1,"name":"Home","item":"https:\/\/mail.ton-merckx-wielershirts.nl\/"},{"@type":"ListItem","position":2,"name":"Retro wielershirts","item":"https:\/\/mail.cyclingoriginals.com\/it\/maglie-da-ciclismo-retro\/"},{"@type":"ListItem","position":3,"name":"BELKIN (a)-GIANT 2013 WIELERSHIRT"}]},{"@type":"WebSite","@id":"https:\/\/mail.ton-merckx-wielershirts.nl\/#website","url":"https:\/\/mail.ton-merckx-wielershirts.nl\/","name":"Magliette da ciclismo Ton Merckx - Tour nel mondo delle magliette da ciclismo","description":"migliaia di maglie da ciclismo originali - ordina la tua replica!","publisher":{"@id":"https:\/\/mail.ton-merckx-wielershirts.nl\/#organization"},"potentialAction":[{"@type":"SearchAction","target":{"@type":"EntryPoint","urlTemplate":"https:\/\/mail.ton-merckx-wielershirts.nl\/?s={search_term_string}"},"query-input":{"@type":"PropertyValueSpecification","valueRequired":true,"valueName":"search_term_string"}}],"inLanguage":"it-IT"},{"@type":"Organization","@id":"https:\/\/mail.ton-merckx-wielershirts.nl\/#organization","name":"Magliette da ciclismo Ton Merckx - Tour nel mondo delle magliette da ciclismo","url":"https:\/\/mail.ton-merckx-wielershirts.nl\/","logo":{"@type":"ImageObject","inLanguage":"it-IT","@id":"https:\/\/mail.ton-merckx-wielershirts.nl\/#\/schema\/logo\/image\/","url":"https:\/\/mail.originalcyclingjerseys.com\/wp-content\/uploads\/2023\/03\/ton-merckx-logo.jpg","contentUrl":"https:\/\/mail.originalcyclingjerseys.com\/wp-content\/uploads\/2023\/03\/ton-merckx-logo.jpg","width":391,"height":57,"caption":"Ton Merckx Wielershirts - Rondreis door de wereld van wielershirts"},"image":{"@id":"https:\/\/mail.ton-merckx-wielershirts.nl\/#\/schema\/logo\/image\/"}}]}},"_links":{"self":[{"href":"https:\/\/mail.originalcyclingjerseys.com\/it\/wp-json\/wp\/v2\/product\/3533","targetHints":{"allow":["GET"]}}],"collection":[{"href":"https:\/\/mail.originalcyclingjerseys.com\/it\/wp-json\/wp\/v2\/product"}],"about":[{"href":"https:\/\/mail.originalcyclingjerseys.com\/it\/wp-json\/wp\/v2\/types\/product"}],"wp:featuredmedia":[{"embeddable":true,"href":"https:\/\/mail.originalcyclingjerseys.com\/it\/wp-json\/wp\/v2\/media\/3532"}],"wp:attachment":[{"href":"https:\/\/mail.originalcyclingjerseys.com\/it\/wp-json\/wp\/v2\/media?parent=3533"}],"wp:term":[{"taxonomy":"product_brand","embeddable":true,"href":"https:\/\/mail.originalcyclingjerseys.com\/it\/wp-json\/wp\/v2\/product_brand?post=3533"},{"taxonomy":"product_cat","embeddable":true,"href":"https:\/\/mail.originalcyclingjerseys.com\/it\/wp-json\/wp\/v2\/product_cat?post=3533"},{"taxonomy":"product_tag","embeddable":true,"href":"https:\/\/mail.originalcyclingjerseys.com\/it\/wp-json\/wp\/v2\/product_tag?post=3533"}],"curies":[{"name":"wp","href":"https:\/\/api.w.org\/{rel}","templated":true}]}}